{"id":305,"date":"2014-02-17T11:47:36","date_gmt":"2014-02-17T15:47:36","guid":{"rendered":"http:\/\/luzmariacorreapropiedades.cl\/sitio\/?page_id=305"},"modified":"2023-07-13T18:23:41","modified_gmt":"2023-07-13T22:23:41","slug":"redes-sociales","status":"publish","type":"page","link":"https:\/\/luzmariacorreapropiedades.cl\/sitio\/?page_id=305","title":{"rendered":"Redes Sociales"},"content":{"rendered":"<p>Para volver al inicio, <a href=\"http:\/\/www.luzmariacorreapropiedades.cl\">pinche arriba de estas l\u00edneas<\/a><\/p>\n<p><strong>Estimados amigos:<\/strong><\/p>\n<p>Si desean seguir nuestras actualizaciones, pueden seguirnos en:<\/p>\n<p>&#8230;. Youtube, pinchando en:<\/p>\n<p><a href=\"https:\/\/www.youtube.com\/@luzmariacorreapropiedades3914\">Nuestro canal de YouTube<\/a><\/p>\n<p>&#8230;..Facebook, pinchando por ac\u00e1\u00a0\u00a0<a href=\"http:\/\/www.facebook.com\/luzmariacorreacorredordepropiedades\">Nuestro Facebook<\/a><\/p>\n<p>&#8230;&#8230;Twitter, puedes hacerlo desde <a title=\"Twitter\" href=\"http:\/\/www.twitter.com\/@lcorreac\">este enlace<\/a><\/p>\n<p>&#8230;&#8230;Instagram, puedes hacerlo <a title=\"Twitter\" href=\"https:\/\/www.instagram.com\/luzmariacorreacorredora\/\">pinchando arriba de estas l\u00edneas<\/a><\/p>\n<p>&#8230;&#8230;WhatsApp: <strong> <a href=\"http:\/\/web.whatsapp.com\">+ 569 78 56 45 09\u00a0\u00a0<\/a> <\/strong><br \/>\n&#8230;&#8230;Telegram: <strong> <a href=\"http:\/\/web.telegram.org\">+ 569 78 56 45 09\u00a0\u00a0<\/a> <\/strong><\/p>\n<p>&#8230;&#8230;<strong>Skype:\u00a0\u00a0<\/strong>Debes ubicarnos por \u00bb Educavent \u00bb<\/p>\n<p>&#8230;&#8230; Lector de feed. Si quieres recibir las nuevas propiedades a medida que se suben en tu lector de feed preferido, puedes agregarlo con http:\/\/www.luzmariacorreapropiedades.cl\/feed\/<\/p>\n<p>Adem\u00e1s, debes recordar que esto se puede adaptar para obtener el feed de cualquier categor\u00eda del sitio.<br \/>\nPor ejemplo, si s\u00f3lo te interesan los art\u00edculos que se han publicado con la categor\u00eda departamentos, la ruta a utilizar para obtener el Feed RSS es<\/p>\n<p>http:\/\/www.luzmariacorreapropiedades.cl\/tag\/departamentos\/feed\/<\/p>\n<p>&#8230;&#8230;Adicionalmente, puedes visitar nuestro blog social y de sexualidad <a href=\"http:\/\/www.nocruceselrioconbotas.net\">pinchando en este enlace<\/a><\/p>\n<p>y por supuesto nuestra Radio on Line y Repositorio Digital en <a href=\"http:\/\/www.repositoriodigital.cl\" target=\"_blank\" rel=\"noopener\">RepositorioDigital.cl<\/a><\/p>\n<p>Un abrazo<\/p>\n<p>Para volver al inicio, <a href=\"http:\/\/www.luzmariacorreapropiedades.cl\">pinche arriba de estas l\u00edneas<\/a><\/p>\n","protected":false},"excerpt":{"rendered":"<p>Para volver al inicio, pinche arriba de estas l\u00edneas Estimados amigos: Si desean seguir nuestras actualizaciones, pueden seguirnos en: &#8230;. Youtube, pinchando en: Nuestro canal de YouTube &#8230;..Facebook, pinchando por [&hellip;]<\/p>\n","protected":false},"author":1,"featured_media":0,"parent":0,"menu_order":0,"comment_status":"closed","ping_status":"open","template":"","meta":{"footnotes":""},"class_list":["post-305","page","type-page","status-publish","hentry"],"_links":{"self":[{"href":"https:\/\/luzmariacorreapropiedades.cl\/sitio\/index.php?rest_route=\/wp\/v2\/pages\/305","targetHints":{"allow":["GET"]}}],"collection":[{"href":"https:\/\/luzmariacorreapropiedades.cl\/sitio\/index.php?rest_route=\/wp\/v2\/pages"}],"about":[{"href":"https:\/\/luzmariacorreapropiedades.cl\/sitio\/index.php?rest_route=\/wp\/v2\/types\/page"}],"author":[{"embeddable":true,"href":"https:\/\/luzmariacorreapropiedades.cl\/sitio\/index.php?rest_route=\/wp\/v2\/users\/1"}],"replies":[{"embeddable":true,"href":"https:\/\/luzmariacorreapropiedades.cl\/sitio\/index.php?rest_route=%2Fwp%2Fv2%2Fcomments&post=305"}],"version-history":[{"count":16,"href":"https:\/\/luzmariacorreapropiedades.cl\/sitio\/index.php?rest_route=\/wp\/v2\/pages\/305\/revisions"}],"predecessor-version":[{"id":16655,"href":"https:\/\/luzmariacorreapropiedades.cl\/sitio\/index.php?rest_route=\/wp\/v2\/pages\/305\/revisions\/16655"}],"wp:attachment":[{"href":"https:\/\/luzmariacorreapropiedades.cl\/sitio\/index.php?rest_route=%2Fwp%2Fv2%2Fmedia&parent=305"}],"curies":[{"name":"wp","href":"https:\/\/api.w.org\/{rel}","templated":true}]}}