{"id":581,"date":"2014-07-21T13:35:49","date_gmt":"2014-07-21T17:35:49","guid":{"rendered":"http:\/\/luzmariacorreapropiedades.cl\/sitio\/?page_id=581"},"modified":"2018-01-18T09:48:53","modified_gmt":"2018-01-18T13:48:53","slug":"honorarios","status":"publish","type":"page","link":"https:\/\/luzmariacorreapropiedades.cl\/sitio\/?page_id=581","title":{"rendered":"Honorarios"},"content":{"rendered":"<p>Para volver al inicio, <a href=\"http:\/\/www.luzmariacorreapropiedades.cl\">pinche arriba de estas l\u00edneas<\/a><\/p>\n<h2>Honorarios por venta de propiedad:<\/h2>\n<h4>Los honorarios son el porcentaje a cancelar al corredor de propiedades por lo que hace, los que incluyen todo lo indicado en nuestra p\u00e1gina de servicios prestados, <a href=\"https:\/\/luzmariacorreapropiedades.cl\/sitio\/?page_id=239\">que pueden encontrar por ac\u00e1<\/a>\u00a0.<\/h4>\n<p>Por los mencionados servicios&#8230;.<\/p>\n<ul>\n<li>Vendedor cancela el<strong> 2%<\/strong> del valor de la venta del bien<\/li>\n<li>Comprador cancela el<strong> 2%<\/strong> del valor de la venta del bien<\/li>\n<\/ul>\n<p>&nbsp;<\/p>\n<h2>Honorarios por arriendo:<\/h2>\n<h4>Los honorarios se cancelan al corredor de propiedades dependiendo del servicio prestado<\/h4>\n<h4>El primer paso es el encontrar un arrendatario adecuado a las necesidades, y una propiedad adecuada a los intereses de quienes quieren arrendar<\/h4>\n<p>Por ello&#8230;.<\/p>\n<ul>\n<li>Al realizar contrato de arriendo notarial por \u00fanica vez el arrendador cancela el <strong>50%<\/strong> del valor del arriendo<\/li>\n<li>De igual manera el arrendatario cancela por \u00fanica vez el <strong>50%<\/strong> del valor del arriendo<\/li>\n<\/ul>\n<h4><\/h4>\n<h4>Adicionalmente, y s\u00f3lo si as\u00ed lo desea el propietario, el servicio puede incluir la administraci\u00f3n de la propiedad, en cuyo caso<\/h4>\n<p>&nbsp;<\/p>\n<ul>\n<li>El propietario cancela el 10% del valor del arriendo mensual durante la vigencia de la administraci\u00f3n<\/li>\n<li>El arrendatario no cancela comisiones a la corredora de propiedades<\/li>\n<\/ul>\n<p>Para volver al inicio, <a href=\"http:\/\/www.luzmariacorreapropiedades.cl\">pinche arriba de estas l\u00edneas<\/a><\/p>\n","protected":false},"excerpt":{"rendered":"<p>Para volver al inicio, pinche arriba de estas l\u00edneas Honorarios por venta de propiedad: Los honorarios son el porcentaje a cancelar al corredor de propiedades por lo que hace, los [&hellip;]<\/p>\n","protected":false},"author":1,"featured_media":0,"parent":0,"menu_order":0,"comment_status":"closed","ping_status":"open","template":"","meta":{"footnotes":""},"class_list":["post-581","page","type-page","status-publish","hentry"],"_links":{"self":[{"href":"https:\/\/luzmariacorreapropiedades.cl\/sitio\/index.php?rest_route=\/wp\/v2\/pages\/581","targetHints":{"allow":["GET"]}}],"collection":[{"href":"https:\/\/luzmariacorreapropiedades.cl\/sitio\/index.php?rest_route=\/wp\/v2\/pages"}],"about":[{"href":"https:\/\/luzmariacorreapropiedades.cl\/sitio\/index.php?rest_route=\/wp\/v2\/types\/page"}],"author":[{"embeddable":true,"href":"https:\/\/luzmariacorreapropiedades.cl\/sitio\/index.php?rest_route=\/wp\/v2\/users\/1"}],"replies":[{"embeddable":true,"href":"https:\/\/luzmariacorreapropiedades.cl\/sitio\/index.php?rest_route=%2Fwp%2Fv2%2Fcomments&post=581"}],"version-history":[{"count":11,"href":"https:\/\/luzmariacorreapropiedades.cl\/sitio\/index.php?rest_route=\/wp\/v2\/pages\/581\/revisions"}],"predecessor-version":[{"id":5847,"href":"https:\/\/luzmariacorreapropiedades.cl\/sitio\/index.php?rest_route=\/wp\/v2\/pages\/581\/revisions\/5847"}],"wp:attachment":[{"href":"https:\/\/luzmariacorreapropiedades.cl\/sitio\/index.php?rest_route=%2Fwp%2Fv2%2Fmedia&parent=581"}],"curies":[{"name":"wp","href":"https:\/\/api.w.org\/{rel}","templated":true}]}}