{"id":6129,"date":"2018-02-06T18:58:24","date_gmt":"2018-02-06T22:58:24","guid":{"rendered":"http:\/\/luzmariacorreapropiedades.cl\/sitio\/?page_id=6129"},"modified":"2018-02-06T19:09:14","modified_gmt":"2018-02-06T23:09:14","slug":"testimonios-de-clientes","status":"publish","type":"page","link":"https:\/\/luzmariacorreapropiedades.cl\/sitio\/?page_id=6129","title":{"rendered":"Testimonios de clientes"},"content":{"rendered":"<p><strong>Agradecimientos:<\/strong><br \/>\nEn nuestra profesi\u00f3n, como en todas, nuestro prop\u00f3sito siempre es lograr la m\u00e1s alta satisfacci\u00f3n en el servicio entregado. Por lo anterior, adjuntamos algunos ejemplos de agradecimientos que hemos recibido a lo largo de nuestra gesti\u00f3n.<\/p>\n<p><a href=\"https:\/\/4.bp.blogspot.com\/-IMBxcB8YK4s\/WByknTM1LSI\/AAAAAAAAJdA\/fQY7RHXOCKkNhjTpvFHjTWslZuLniKnyQCLcB\/s1600\/Captura%2Bde%2Bpantalla%2B%252812%2529.png\">Agradecimientos del experto en seguridad<\/a><\/p>\n<p><a href=\"https:\/\/1.bp.blogspot.com\/-X23-lU3u_Q0\/V-KwpsJJueI\/AAAAAAAAJF0\/xPpL_GcNdpwH8dWWKVt6ujHamj2XQ9MewCLcB\/s1600\/estudio%2Bjuridico%2BFyP.png\">Agradecimientos Estudio Jur\u00eddico F y P, Santiago<\/a><\/p>\n<p><a href=\"http:\/\/1.bp.blogspot.com\/-v7O_7NiQSjg\/VsIGM3TDXFI\/AAAAAAAAHaA\/RSqwIIl-YvM\/s1600\/fernandez%2Bgodoy.png\">Agradecimientos familia Fern\u00e1ndez Godoy<\/a><\/p>\n<p><a href=\"http:\/\/4.bp.blogspot.com\/-rPlFiH-Fku0\/VHODaIjG-NI\/AAAAAAAAFK8\/mZxu8t3PvfM\/s1600\/agradecimientos.jpg\">Agradecimientos Sr. Vald\u00e9s<\/a><\/p>\n<p><a href=\"http:\/\/3.bp.blogspot.com\/-Ln-TnKkmZuo\/ViwNahznHOI\/AAAAAAAAGPE\/_6cIimCfVn0\/s320\/araya%2Bcabrera.jpg\">Agradecimientos Familia Araya Cabrera<\/a><\/p>\n<p><a href=\"http:\/\/3.bp.blogspot.com\/-rEU_DLqOCac\/VH3qwpSZyTI\/AAAAAAAAFU0\/SGMFtF0MvRY\/s1600\/agradecimientos3.jpg\">Agradecimientos Sra. Navia<\/a><\/p>\n<p><a href=\"http:\/\/1.bp.blogspot.com\/-g9sVeTgIFfg\/VbeyxGmZ0eI\/AAAAAAAAF3w\/xUTFsoJtPPk\/s1600\/rosagonzalez.png\">Agradecimientos Sra. Gonz\u00e1lez<\/a><\/p>\n<p><a href=\"http:\/\/1.bp.blogspot.com\/-UgmsP2k2YzE\/VlIpC7tPIBI\/AAAAAAAAGbk\/x6EqQKJMAko\/s1600\/roberto%2Baraya.png\">Agradecimientos Sr. Roberto Araya Cabezas<\/a><\/p>\n<p>Si quieres incluir un agradecimiento, o tal vez una cr\u00edtica, puedes hacerlo a trav\u00e9s de nuestra p\u00e1gina de contacto <a href=\"https:\/\/luzmariacorreapropiedades.cl\/sitio\/?page_id=226\">QUE ENCUENTRAS PINCHANDO ARRIBA DE ESTAS LINEAS<\/a>&#8230; Ser\u00e1 publicada en , <a href=\"http:\/\/www.facebook.com\/luzmariacorreacorredordepropiedades\">Facebook<\/a> , <a href=\"http:\/\/twitter.com\/lcorreac\">Twitter<\/a> , <a href=\"https:\/\/www.instagram.com\/luzmariacorreacorredora\/\">Instagram, <\/a>o si lo prefieres&#8230;<\/p>\n<p>Tambi\u00e9n puedes hacerlo en la caja de comentarios al final de estas l\u00edneas<\/p>\n<p>Desde ya te agradecemos tus opiniones<\/p>\n","protected":false},"excerpt":{"rendered":"<p>Agradecimientos: En nuestra profesi\u00f3n, como en todas, nuestro prop\u00f3sito siempre es lograr la m\u00e1s alta satisfacci\u00f3n en el servicio entregado. Por lo anterior, adjuntamos algunos ejemplos de agradecimientos que hemos [&hellip;]<\/p>\n","protected":false},"author":1,"featured_media":0,"parent":0,"menu_order":0,"comment_status":"open","ping_status":"closed","template":"","meta":{"footnotes":""},"class_list":["post-6129","page","type-page","status-publish","hentry"],"_links":{"self":[{"href":"https:\/\/luzmariacorreapropiedades.cl\/sitio\/index.php?rest_route=\/wp\/v2\/pages\/6129","targetHints":{"allow":["GET"]}}],"collection":[{"href":"https:\/\/luzmariacorreapropiedades.cl\/sitio\/index.php?rest_route=\/wp\/v2\/pages"}],"about":[{"href":"https:\/\/luzmariacorreapropiedades.cl\/sitio\/index.php?rest_route=\/wp\/v2\/types\/page"}],"author":[{"embeddable":true,"href":"https:\/\/luzmariacorreapropiedades.cl\/sitio\/index.php?rest_route=\/wp\/v2\/users\/1"}],"replies":[{"embeddable":true,"href":"https:\/\/luzmariacorreapropiedades.cl\/sitio\/index.php?rest_route=%2Fwp%2Fv2%2Fcomments&post=6129"}],"version-history":[{"count":4,"href":"https:\/\/luzmariacorreapropiedades.cl\/sitio\/index.php?rest_route=\/wp\/v2\/pages\/6129\/revisions"}],"predecessor-version":[{"id":6142,"href":"https:\/\/luzmariacorreapropiedades.cl\/sitio\/index.php?rest_route=\/wp\/v2\/pages\/6129\/revisions\/6142"}],"wp:attachment":[{"href":"https:\/\/luzmariacorreapropiedades.cl\/sitio\/index.php?rest_route=%2Fwp%2Fv2%2Fmedia&parent=6129"}],"curies":[{"name":"wp","href":"https:\/\/api.w.org\/{rel}","templated":true}]}}